{"id":5676,"date":"2022-08-24T13:27:08","date_gmt":"2022-08-24T11:27:08","guid":{"rendered":"https:\/\/www.isl-chemie.de\/prodotti-e-soluzioni\/additivi\/"},"modified":"2024-10-23T12:22:08","modified_gmt":"2024-10-23T10:22:08","slug":"additivi","status":"publish","type":"page","link":"https:\/\/www.isl-chemie.de\/it\/prodotti-e-soluzioni\/additivi\/","title":{"rendered":"Additivi"},"content":{"rendered":"\n<p><\/p>\n\n\n<div id=\"header-statisch-block_6b75ad2a69b759d233950c442eb9351a\" class=\"header-bild-statisch reveal\">\n    <img decoding=\"async\" width=\"1920\" height=\"800\" src=\"https:\/\/www.isl-chemie.de\/wp-content\/uploads\/sites\/3\/2023\/01\/TailorMade-Farbton-Farbauswahl-1920x800.jpg\" class=\"attachment-image-big size-image-big\" alt=\"\" srcset=\"https:\/\/www.isl-chemie.de\/wp-content\/uploads\/sites\/3\/2023\/01\/TailorMade-Farbton-Farbauswahl-1920x800.jpg 1920w, https:\/\/www.isl-chemie.de\/wp-content\/uploads\/sites\/3\/2023\/01\/TailorMade-Farbton-Farbauswahl-519x216.jpg 519w\" sizes=\"(max-width: 1920px) 100vw, 1920px\" \/><\/div>\n\r\n\r\n\r\n\r\n<div id=\"header-ueberschrift-text-block_aa2167b2ee054b4bda65ca5fa4d21bc3\" class=\"header-ueberschrift-text-container\">\r\n\r\n    <div class=\"header-contact reveal reveal-right\">\r\n\r\n                    <a href=\"tel:+49220796910\">\r\n                <div class=\"contact-box telefon-box\">\r\n                    <svg id=\"local_phone-24px\" xmlns=\"http:\/\/www.w3.org\/2000\/svg\" viewBox=\"0 0 60 60\">\r\n                        <path id=\"Pfad_4337\" data-name=\"Pfad 4337\" d=\"M0,0H60V60H0Z\" fill=\"none\"\/>\r\n                        <path id=\"Pfad_4338\" data-name=\"Pfad 4338\" d=\"M13.86,26.37A45.446,45.446,0,0,0,33.63,46.14l6.6-6.6a2.983,2.983,0,0,1,3.06-.72A34.221,34.221,0,0,0,54,40.53a3.009,3.009,0,0,1,3,3V54a3.009,3.009,0,0,1-3,3A51,51,0,0,1,3,6,3.009,3.009,0,0,1,6,3H16.5a3.009,3.009,0,0,1,3,3,34.081,34.081,0,0,0,1.71,10.71,3.011,3.011,0,0,1-.75,3.06Z\"\/>\r\n                    <\/svg>\r\n                <\/div>\r\n            <\/a>\r\n            <a href=\"https:\/\/www.isl-chemie.de\/kontakt-land\/deutschland\/\">\r\n                <div class=\"contact-box mail-box\">\r\n                    <svg xmlns=\"http:\/\/www.w3.org\/2000\/svg\" viewBox=\"0 0 60 60\">\r\n                        <path id=\"Pfad_4340\" data-name=\"Pfad 4340\" d=\"M56,4H8a5.992,5.992,0,0,0-5.97,6L2,46a6.018,6.018,0,0,0,6,6H56a6.018,6.018,0,0,0,6-6V10A6.018,6.018,0,0,0,56,4Zm0,12L32,31,8,16V10L32,25,56,10Z\" transform=\"translate(-2 0)\"\/>\r\n                    <\/svg>\r\n                <\/div>\r\n            <\/a>\r\n            <\/div>\r\n\r\n    <div class=\"headline-container reveal reveal-bottom\">\r\n        <h1 class=\"headline-border-left-right\">Additivi per paste coloranti<\/h1>\r\n    <\/div>\r\n\r\n    \r\n                                    <div class=\"inner\">\r\n                    \r\n                                                                        <div class=\"normal-font semibold reveal reveal-bottom long-width\">Preparazioni additive per una maggiore protezione e un&#8217;impressione cromatica ottimizzata.<\/div>\r\n                                                <div class=\"normal-font reveal reveal-bottom long-width  \">\r\n                            <p>Aspetto e qualit\u00e0 costanti per il tuo prodotto finale per lungo tempo grazie alle preparazioni di additivi ISL:<\/p>\n<p>La protezione dai raggi UV, gli additivi anti-corrosione e anti-ingiallimento e gli sbiancanti ottici migliorano la protezione del tuo prodotto e ottimizzano l&#8217;impressione del colore. ISL \u00e8 il tuo referente per le soluzioni di stabilizzazione UV, gli assorbitori UV e le paste d&#8217;inchiostro stabilizzanti UV. ISL ha anche una pasta additiva corrispondente nel suo portafoglio per la stampa sostitutiva o per la marcatura individuale, al fine di rendere marcabili al laser diversi substrati colorati.<\/p>\n                        <\/div>\r\n\r\n                    \r\n                                                        <\/div>\r\n                        <\/div>\r\n\r\n\r\n\r\n\r\n\n<div style=\"height:100px\" aria-hidden=\"true\" class=\"wp-block-spacer\"><\/div>\n\r\n\r\n<div id=\"header-ueberschrift-text-block_b1b6ee94071dd083fd92deca3a2599ea\" class=\"header-ueberschrift-text-container content-ueberschrift-text-container\">\r\n\r\n    <div class=\"headline-container reveal reveal-bottom \">\r\n        <h2 class=\"headline-border-left-right\">Prodotti<\/h2>\r\n    <\/div>\r\n\r\n            <div class=\"inner\">\r\n                        <div class=\"normal-font reveal reveal-bottom long-width  \"><p>Proteggete l&#8217;aspetto e la qualit\u00e0 dei vostri prodotti con i preparati additivi ISL.<\/p>\n<p>Oltre ai preparati additivi puri, ISL offre anche paste pigmentate additivate. Ci\u00f2 elimina la necessit\u00e0 di aggiunte presso il cliente e consente di includere il contenuto di additivi gi\u00e0 nella formulazione.<\/p>\n<\/div>\r\n\r\n                                <\/div>\r\n    <\/div>\n<div style=\"height:100px\" aria-hidden=\"true\" class=\"wp-block-spacer\"><\/div>\n\r\n<div class=\"inner\">\r\n    <div class=\"custom-flex-box flex-mobile produktmodul-uebersicht\">\r\n                    \r\n                    <div class=\"flex-box-twentyfive flex-mobile-fifty custom-accordion-produkt reveal reveal-bottom isl\">\r\n                    <div class=\"accordion-title-hover\">\r\n                        <svg id=\"Gruppe_18332\" data-name=\"Gruppe 18332\" xmlns=\"http:\/\/www.w3.org\/2000\/svg\" width=\"28\" height=\"28\" viewBox=\"0 0 28 28\">\r\n                            <g id=\"Gruppe_18329\" data-name=\"Gruppe 18329\">\r\n                                <g id=\"Rechteck_1717\" data-name=\"Rechteck 1717\" fill=\"none\" stroke=\"#615645\" stroke-width=\"1\">\r\n                                    <rect width=\"28\" height=\"28\" rx=\"5\" stroke=\"none\"\/>\r\n                                    <rect x=\"0.5\" y=\"0.5\" width=\"27\" height=\"27\" rx=\"4.5\" fill=\"none\"\/>\r\n                                <\/g>\r\n                                <path id=\"Icon_ionic-ios-arrow-forward\" data-name=\"Icon ionic-ios-arrow-forward\" d=\"M16.71,13.033,11.534,7.861a.973.973,0,0,1,0-1.381.986.986,0,0,1,1.385,0l5.864,5.86a.976.976,0,0,1,.029,1.348l-5.889,5.9a.978.978,0,0,1-1.385-1.381Z\" transform=\"translate(-0.396 1.071)\" fill=\"#615645\"\/>\r\n                            <\/g>\r\n                        <\/svg>\r\n                        <span>ISOPUR UV-STABILISATOR BLEND<\/span>\r\n                    <\/div>\r\n                    <div class=\"accordion-content\">\r\n                                                                                                    <div class=\"button-containter\">\r\n                                <a href=\"https:\/\/www.isl-chemie.de\/produktdetail\/isopur\/\" target=\"\"class=\"load-more-button small white-button\" >Maggiori informazioni<\/a>\r\n                            <\/div>\r\n                                            <\/div>\r\n                    <\/div>\r\n            \r\n                    <div class=\"flex-box-twentyfive flex-mobile-fifty custom-accordion-produkt reveal reveal-bottom isl\">\r\n                    <div class=\"accordion-title-hover\">\r\n                        <svg id=\"Gruppe_18332\" data-name=\"Gruppe 18332\" xmlns=\"http:\/\/www.w3.org\/2000\/svg\" width=\"28\" height=\"28\" viewBox=\"0 0 28 28\">\r\n                            <g id=\"Gruppe_18329\" data-name=\"Gruppe 18329\">\r\n                                <g id=\"Rechteck_1717\" data-name=\"Rechteck 1717\" fill=\"none\" stroke=\"#615645\" stroke-width=\"1\">\r\n                                    <rect width=\"28\" height=\"28\" rx=\"5\" stroke=\"none\"\/>\r\n                                    <rect x=\"0.5\" y=\"0.5\" width=\"27\" height=\"27\" rx=\"4.5\" fill=\"none\"\/>\r\n                                <\/g>\r\n                                <path id=\"Icon_ionic-ios-arrow-forward\" data-name=\"Icon ionic-ios-arrow-forward\" d=\"M16.71,13.033,11.534,7.861a.973.973,0,0,1,0-1.381.986.986,0,0,1,1.385,0l5.864,5.86a.976.976,0,0,1,.029,1.348l-5.889,5.9a.978.978,0,0,1-1.385-1.381Z\" transform=\"translate(-0.396 1.071)\" fill=\"#615645\"\/>\r\n                            <\/g>\r\n                        <\/svg>\r\n                        <span>ISOPUR-AUFHELLER STABILISATOR BLEND<\/span>\r\n                    <\/div>\r\n                    <div class=\"accordion-content\">\r\n                                                                                                    <div class=\"button-containter\">\r\n                                <a href=\"https:\/\/www.isl-chemie.de\/produktdetail\/isopur\/\" target=\"\"class=\"load-more-button small white-button\" >Maggiori informazioni<\/a>\r\n                            <\/div>\r\n                                            <\/div>\r\n                    <\/div>\r\n            \r\n                    <div class=\"flex-box-twentyfive flex-mobile-fifty custom-accordion-produkt reveal reveal-bottom isl\">\r\n                    <div class=\"accordion-title-hover\">\r\n                        <svg id=\"Gruppe_18332\" data-name=\"Gruppe 18332\" xmlns=\"http:\/\/www.w3.org\/2000\/svg\" width=\"28\" height=\"28\" viewBox=\"0 0 28 28\">\r\n                            <g id=\"Gruppe_18329\" data-name=\"Gruppe 18329\">\r\n                                <g id=\"Rechteck_1717\" data-name=\"Rechteck 1717\" fill=\"none\" stroke=\"#615645\" stroke-width=\"1\">\r\n                                    <rect width=\"28\" height=\"28\" rx=\"5\" stroke=\"none\"\/>\r\n                                    <rect x=\"0.5\" y=\"0.5\" width=\"27\" height=\"27\" rx=\"4.5\" fill=\"none\"\/>\r\n                                <\/g>\r\n                                <path id=\"Icon_ionic-ios-arrow-forward\" data-name=\"Icon ionic-ios-arrow-forward\" d=\"M16.71,13.033,11.534,7.861a.973.973,0,0,1,0-1.381.986.986,0,0,1,1.385,0l5.864,5.86a.976.976,0,0,1,.029,1.348l-5.889,5.9a.978.978,0,0,1-1.385-1.381Z\" transform=\"translate(-0.396 1.071)\" fill=\"#615645\"\/>\r\n                            <\/g>\r\n                        <\/svg>\r\n                        <span>MOLTOPREN AUFHELLERPASTE<\/span>\r\n                    <\/div>\r\n                    <div class=\"accordion-content\">\r\n                                                                                                    <div class=\"button-containter\">\r\n                                <a href=\"https:\/\/www.isl-chemie.de\/produktdetail\/moltopren\/\" target=\"\"class=\"load-more-button small white-button\" >Maggiori informazioni<\/a>\r\n                            <\/div>\r\n                                            <\/div>\r\n                    <\/div>\r\n            \r\n                    <div class=\"flex-box-twentyfive flex-mobile-fifty custom-accordion-produkt reveal reveal-bottom isl\">\r\n                    <div class=\"accordion-title-hover\">\r\n                        <svg id=\"Gruppe_18332\" data-name=\"Gruppe 18332\" xmlns=\"http:\/\/www.w3.org\/2000\/svg\" width=\"28\" height=\"28\" viewBox=\"0 0 28 28\">\r\n                            <g id=\"Gruppe_18329\" data-name=\"Gruppe 18329\">\r\n                                <g id=\"Rechteck_1717\" data-name=\"Rechteck 1717\" fill=\"none\" stroke=\"#615645\" stroke-width=\"1\">\r\n                                    <rect width=\"28\" height=\"28\" rx=\"5\" stroke=\"none\"\/>\r\n                                    <rect x=\"0.5\" y=\"0.5\" width=\"27\" height=\"27\" rx=\"4.5\" fill=\"none\"\/>\r\n                                <\/g>\r\n                                <path id=\"Icon_ionic-ios-arrow-forward\" data-name=\"Icon ionic-ios-arrow-forward\" d=\"M16.71,13.033,11.534,7.861a.973.973,0,0,1,0-1.381.986.986,0,0,1,1.385,0l5.864,5.86a.976.976,0,0,1,.029,1.348l-5.889,5.9a.978.978,0,0,1-1.385-1.381Z\" transform=\"translate(-0.396 1.071)\" fill=\"#615645\"\/>\r\n                            <\/g>\r\n                        <\/svg>\r\n                        <span>MARCATORE LASER<\/span>\r\n                    <\/div>\r\n                    <div class=\"accordion-content\">\r\n                                                                                                    <div class=\"button-containter\">\r\n                                <a href=\"https:\/\/www.isl-chemie.de\/produktdetail\/isopur\/\" target=\"\"class=\"load-more-button small white-button\" >Maggiori informazioni<\/a>\r\n                            <\/div>\r\n                                            <\/div>\r\n                    <\/div>\r\n            \r\n                    <div class=\"flex-box-twentyfive flex-mobile-fifty custom-accordion-produkt reveal reveal-bottom isl\">\r\n                    <div class=\"accordion-title-hover\">\r\n                        <svg id=\"Gruppe_18332\" data-name=\"Gruppe 18332\" xmlns=\"http:\/\/www.w3.org\/2000\/svg\" width=\"28\" height=\"28\" viewBox=\"0 0 28 28\">\r\n                            <g id=\"Gruppe_18329\" data-name=\"Gruppe 18329\">\r\n                                <g id=\"Rechteck_1717\" data-name=\"Rechteck 1717\" fill=\"none\" stroke=\"#615645\" stroke-width=\"1\">\r\n                                    <rect width=\"28\" height=\"28\" rx=\"5\" stroke=\"none\"\/>\r\n                                    <rect x=\"0.5\" y=\"0.5\" width=\"27\" height=\"27\" rx=\"4.5\" fill=\"none\"\/>\r\n                                <\/g>\r\n                                <path id=\"Icon_ionic-ios-arrow-forward\" data-name=\"Icon ionic-ios-arrow-forward\" d=\"M16.71,13.033,11.534,7.861a.973.973,0,0,1,0-1.381.986.986,0,0,1,1.385,0l5.864,5.86a.976.976,0,0,1,.029,1.348l-5.889,5.9a.978.978,0,0,1-1.385-1.381Z\" transform=\"translate(-0.396 1.071)\" fill=\"#615645\"\/>\r\n                            <\/g>\r\n                        <\/svg>\r\n                        <span>Helio Beit\u00ae Opti Blend<\/span>\r\n                    <\/div>\r\n                    <div class=\"accordion-content\">\r\n                                                                                                    <div class=\"button-containter\">\r\n                                <a href=\"https:\/\/www.isl-chemie.de\/produktdetail\/helio-beit\/\" target=\"\"class=\"load-more-button small white-button\" >Maggiori informazioni<\/a>\r\n                            <\/div>\r\n                                            <\/div>\r\n                    <\/div>\r\n                        <\/div>\r\n<\/div>\r\n\n<div style=\"height:100px\" aria-hidden=\"true\" class=\"wp-block-spacer\"><\/div>\n\r\n<div id=\"bild-modul-1-2-quicklink-block_83b2e24a7a52e0b1f7b325996cb799c4\" class=\"bild-modul-1-2-quicklink-container inner\">\r\n    <div class=\"custom-flex-box flex-mobile\">\r\n                    \r\n        \r\n                                                    <a href=\"https:\/\/www.isl-chemie.de\/it\/settori-e-applicazioni\/\" class=\"flex-box-fifty flex-mobile-fifty single-box reveal reveal-bottom\">\r\n                \r\n                        <div class=\"content\">\r\n                            <h3>Le nostre soluzioni per il settore<\/h3>\r\n                        <\/div>\r\n                        <div class=\"gradient\"><\/div>\r\n\r\n                                                                                                                                            <img decoding=\"async\" width=\"800\" height=\"520\" src=\"https:\/\/www.isl-chemie.de\/wp-content\/uploads\/sites\/3\/2023\/01\/Automobil-Isothan-Inmouldcoating-Lenkrad-Oberflaechenveredelung-800x520.jpg\" class=\"attachment-bild-modul-1-2-quicklink-bild size-bild-modul-1-2-quicklink-bild\" alt=\"\" \/>                                                    \r\n\r\n\r\n                                    <\/a>\r\n                \r\n            \r\n        \r\n                                                    <a href=\"https:\/\/www.isl-chemie.de\/it\/kontakt-land\/germania\/\" class=\"flex-box-fifty flex-mobile-fifty single-box reveal reveal-bottom\">\r\n                \r\n                        <div class=\"content\">\r\n                            <h3>Contattaci<\/h3>\r\n                        <\/div>\r\n                        <div class=\"gradient\"><\/div>\r\n\r\n                                                                                                                                            <img decoding=\"async\" width=\"791\" height=\"520\" src=\"https:\/\/www.isl-chemie.de\/wp-content\/uploads\/sites\/3\/2022\/08\/Gruppe-maskieren-114-791x520.png\" class=\"attachment-bild-modul-1-2-quicklink-bild size-bild-modul-1-2-quicklink-bild\" alt=\"\" \/>                                                    \r\n\r\n\r\n                                    <\/a>\r\n                \r\n                        <\/div>\r\n<\/div>","protected":false},"excerpt":{"rendered":"","protected":false},"author":9,"featured_media":0,"parent":5674,"menu_order":0,"comment_status":"closed","ping_status":"closed","template":"","meta":{"_acf_changed":false,"footnotes":""},"class_list":["post-5676","page","type-page","status-publish","hentry"],"acf":[],"_links":{"self":[{"href":"https:\/\/www.isl-chemie.de\/it\/wp-json\/wp\/v2\/pages\/5676","targetHints":{"allow":["GET"]}}],"collection":[{"href":"https:\/\/www.isl-chemie.de\/it\/wp-json\/wp\/v2\/pages"}],"about":[{"href":"https:\/\/www.isl-chemie.de\/it\/wp-json\/wp\/v2\/types\/page"}],"author":[{"embeddable":true,"href":"https:\/\/www.isl-chemie.de\/it\/wp-json\/wp\/v2\/users\/9"}],"replies":[{"embeddable":true,"href":"https:\/\/www.isl-chemie.de\/it\/wp-json\/wp\/v2\/comments?post=5676"}],"version-history":[{"count":5,"href":"https:\/\/www.isl-chemie.de\/it\/wp-json\/wp\/v2\/pages\/5676\/revisions"}],"predecessor-version":[{"id":7101,"href":"https:\/\/www.isl-chemie.de\/it\/wp-json\/wp\/v2\/pages\/5676\/revisions\/7101"}],"up":[{"embeddable":true,"href":"https:\/\/www.isl-chemie.de\/it\/wp-json\/wp\/v2\/pages\/5674"}],"wp:attachment":[{"href":"https:\/\/www.isl-chemie.de\/it\/wp-json\/wp\/v2\/media?parent=5676"}],"curies":[{"name":"wp","href":"https:\/\/api.w.org\/{rel}","templated":true}]}}