{"id":5666,"date":"2022-08-24T15:32:33","date_gmt":"2022-08-24T13:32:33","guid":{"rendered":"https:\/\/www.isl-chemie.de\/mentions-legales\/"},"modified":"2024-08-21T10:28:37","modified_gmt":"2024-08-21T08:28:37","slug":"mentions-legales","status":"publish","type":"page","link":"https:\/\/www.isl-chemie.de\/fr\/mentions-legales\/","title":{"rendered":"Mentions l\u00e9gales"},"content":{"rendered":"\n\n<div id=\"header-statisch-block_b91a1b5710a7a1fd9bba9c6049c572de\" class=\"header-bild-statisch reveal\">\n    <img decoding=\"async\" width=\"1920\" height=\"800\" src=\"https:\/\/www.isl-chemie.de\/wp-content\/uploads\/sites\/3\/2023\/02\/AdobeStock_90039968-1920x800.jpeg\" class=\"attachment-image-big size-image-big\" alt=\"\" srcset=\"https:\/\/www.isl-chemie.de\/wp-content\/uploads\/sites\/3\/2023\/02\/AdobeStock_90039968-1920x800.jpeg 1920w, https:\/\/www.isl-chemie.de\/wp-content\/uploads\/sites\/3\/2023\/02\/AdobeStock_90039968-519x216.jpeg 519w\" sizes=\"(max-width: 1920px) 100vw, 1920px\" \/><\/div>\n\r\n\r\n\r\n\r\n<div id=\"header-ueberschrift-text-block_b5959a00c7e1be10e9e5b2791e4ef162\" class=\"header-ueberschrift-text-container\">\r\n\r\n    <div class=\"header-contact reveal reveal-right\">\r\n\r\n                    <a href=\"tel:+49220796910\">\r\n                <div class=\"contact-box telefon-box\">\r\n                    <svg id=\"local_phone-24px\" xmlns=\"http:\/\/www.w3.org\/2000\/svg\" viewBox=\"0 0 60 60\">\r\n                        <path id=\"Pfad_4337\" data-name=\"Pfad 4337\" d=\"M0,0H60V60H0Z\" fill=\"none\"\/>\r\n                        <path id=\"Pfad_4338\" data-name=\"Pfad 4338\" d=\"M13.86,26.37A45.446,45.446,0,0,0,33.63,46.14l6.6-6.6a2.983,2.983,0,0,1,3.06-.72A34.221,34.221,0,0,0,54,40.53a3.009,3.009,0,0,1,3,3V54a3.009,3.009,0,0,1-3,3A51,51,0,0,1,3,6,3.009,3.009,0,0,1,6,3H16.5a3.009,3.009,0,0,1,3,3,34.081,34.081,0,0,0,1.71,10.71,3.011,3.011,0,0,1-.75,3.06Z\"\/>\r\n                    <\/svg>\r\n                <\/div>\r\n            <\/a>\r\n            <a href=\"https:\/\/www.isl-chemie.de\/kontakt-land\/deutschland\/\">\r\n                <div class=\"contact-box mail-box\">\r\n                    <svg xmlns=\"http:\/\/www.w3.org\/2000\/svg\" viewBox=\"0 0 60 60\">\r\n                        <path id=\"Pfad_4340\" data-name=\"Pfad 4340\" d=\"M56,4H8a5.992,5.992,0,0,0-5.97,6L2,46a6.018,6.018,0,0,0,6,6H56a6.018,6.018,0,0,0,6-6V10A6.018,6.018,0,0,0,56,4Zm0,12L32,31,8,16V10L32,25,56,10Z\" transform=\"translate(-2 0)\"\/>\r\n                    <\/svg>\r\n                <\/div>\r\n            <\/a>\r\n            <\/div>\r\n\r\n    <div class=\"headline-container reveal reveal-bottom\">\r\n        <h1 class=\"headline-border-left-right\">Mentions l\u00e9gales<\/h1>\r\n    <\/div>\r\n\r\n    <\/div>\r\n\r\n\r\n\r\n\r\n\r\n\r\n<div class=\"inner\">\r\n    <p class=\"normal-font reveal reveal-bottom\"><p>Editeur ISL-Chemie GmbH, K\u00fcrten repr\u00e9sent\u00e9 par la direction : Mme Karin Naujoks 51515 K\u00fcrten (Herweg) T\u00e9l. : +49-2207-9691-0 Fax : +49-2207-9691-49 E-Mail : information@isl-chemie.com Tribunal d&rsquo;instance de Cologne HRB 56432 Num\u00e9ro d&rsquo;identification TVA : DE 367383914<\/p>\n<\/p>\r\n<\/div>\n<div style=\"height:200px\" aria-hidden=\"true\" class=\"wp-block-spacer\"><\/div>\n","protected":false},"excerpt":{"rendered":"","protected":false},"author":9,"featured_media":0,"parent":0,"menu_order":107,"comment_status":"closed","ping_status":"closed","template":"","meta":{"_acf_changed":false,"footnotes":""},"class_list":["post-5666","page","type-page","status-publish","hentry"],"acf":[],"_links":{"self":[{"href":"https:\/\/www.isl-chemie.de\/fr\/wp-json\/wp\/v2\/pages\/5666","targetHints":{"allow":["GET"]}}],"collection":[{"href":"https:\/\/www.isl-chemie.de\/fr\/wp-json\/wp\/v2\/pages"}],"about":[{"href":"https:\/\/www.isl-chemie.de\/fr\/wp-json\/wp\/v2\/types\/page"}],"author":[{"embeddable":true,"href":"https:\/\/www.isl-chemie.de\/fr\/wp-json\/wp\/v2\/users\/9"}],"replies":[{"embeddable":true,"href":"https:\/\/www.isl-chemie.de\/fr\/wp-json\/wp\/v2\/comments?post=5666"}],"version-history":[{"count":4,"href":"https:\/\/www.isl-chemie.de\/fr\/wp-json\/wp\/v2\/pages\/5666\/revisions"}],"predecessor-version":[{"id":6577,"href":"https:\/\/www.isl-chemie.de\/fr\/wp-json\/wp\/v2\/pages\/5666\/revisions\/6577"}],"wp:attachment":[{"href":"https:\/\/www.isl-chemie.de\/fr\/wp-json\/wp\/v2\/media?parent=5666"}],"curies":[{"name":"wp","href":"https:\/\/api.w.org\/{rel}","templated":true}]}}