{"id":6545,"date":"2022-08-24T12:56:47","date_gmt":"2022-08-24T10:56:47","guid":{"rendered":"https:\/\/www.isl-chemie.de\/empleo-y-carrera-profesional\/"},"modified":"2024-09-24T12:53:43","modified_gmt":"2024-09-24T10:53:43","slug":"empleo-y-carrera-profesional","status":"publish","type":"page","link":"https:\/\/www.isl-chemie.de\/es\/empleo-y-carrera-profesional\/","title":{"rendered":"Empleo y carrera profesional"},"content":{"rendered":"\n\n<div id=\"header-statisch-block_d0697129269e4f4f183f1cb5bfe36fe5\" class=\"header-bild-statisch reveal\">\n    <img decoding=\"async\" width=\"1920\" height=\"800\" src=\"https:\/\/www.isl-chemie.de\/wp-content\/uploads\/sites\/3\/2023\/02\/Jobs_Perspektive_Onboarding_ISL-1920x800.jpg\" class=\"attachment-image-big size-image-big\" alt=\"\" srcset=\"https:\/\/www.isl-chemie.de\/wp-content\/uploads\/sites\/3\/2023\/02\/Jobs_Perspektive_Onboarding_ISL-1920x800.jpg 1920w, https:\/\/www.isl-chemie.de\/wp-content\/uploads\/sites\/3\/2023\/02\/Jobs_Perspektive_Onboarding_ISL-519x216.jpg 519w\" sizes=\"(max-width: 1920px) 100vw, 1920px\" \/><\/div>\n\n\n\r\n\r\n\r\n\r\n<div id=\"header-ueberschrift-text-block_343908d28512f7cb28d9c2a1afa74e57\" class=\"header-ueberschrift-text-container\">\r\n\r\n    <div class=\"header-contact reveal reveal-right\">\r\n\r\n                    <a href=\"tel:+49220796910\">\r\n                <div class=\"contact-box telefon-box\">\r\n                    <svg id=\"local_phone-24px\" xmlns=\"http:\/\/www.w3.org\/2000\/svg\" viewBox=\"0 0 60 60\">\r\n                        <path id=\"Pfad_4337\" data-name=\"Pfad 4337\" d=\"M0,0H60V60H0Z\" fill=\"none\"\/>\r\n                        <path id=\"Pfad_4338\" data-name=\"Pfad 4338\" d=\"M13.86,26.37A45.446,45.446,0,0,0,33.63,46.14l6.6-6.6a2.983,2.983,0,0,1,3.06-.72A34.221,34.221,0,0,0,54,40.53a3.009,3.009,0,0,1,3,3V54a3.009,3.009,0,0,1-3,3A51,51,0,0,1,3,6,3.009,3.009,0,0,1,6,3H16.5a3.009,3.009,0,0,1,3,3,34.081,34.081,0,0,0,1.71,10.71,3.011,3.011,0,0,1-.75,3.06Z\"\/>\r\n                    <\/svg>\r\n                <\/div>\r\n            <\/a>\r\n            <a href=\"https:\/\/www.isl-chemie.de\/es\/kontakt-land\/alemania\/\">\r\n                <div class=\"contact-box mail-box\">\r\n                    <svg xmlns=\"http:\/\/www.w3.org\/2000\/svg\" viewBox=\"0 0 60 60\">\r\n                        <path id=\"Pfad_4340\" data-name=\"Pfad 4340\" d=\"M56,4H8a5.992,5.992,0,0,0-5.97,6L2,46a6.018,6.018,0,0,0,6,6H56a6.018,6.018,0,0,0,6-6V10A6.018,6.018,0,0,0,56,4Zm0,12L32,31,8,16V10L32,25,56,10Z\" transform=\"translate(-2 0)\"\/>\r\n                    <\/svg>\r\n                <\/div>\r\n            <\/a>\r\n            <\/div>\r\n\r\n    <div class=\"headline-container reveal reveal-bottom\">\r\n        <h1 class=\"headline-border-left-right\">Trabajar en ISL Chemie<\/h1>\r\n    <\/div>\r\n\r\n    \r\n                                    <div class=\"inner\">\r\n                    \r\n                                                                    <div class=\"normal-font reveal reveal-bottom small-width  \">\r\n                            <p>Como empresa activa en todo el mundo, ISL desarrolla productos de color innovadores. En este apasionante entorno laboral, te ofrecemos oportunidades de desarrollo individual y atractivas condiciones de trabajo. <\/p>\n                        <\/div>\r\n\r\n                    \r\n                                                        <\/div>\r\n                        <\/div>\r\n\r\n\r\n\r\n\r\n\n\n\n<div style=\"height:100px\" aria-hidden=\"true\" class=\"wp-block-spacer\"><\/div>\n\n\n\n\n<div id=\"bild-text-modul-rechts-zweizeilig-block_227070926c64b4cea8662747c9a4bcb9\" class=\"bild-text-modul-zweizeilig-container\">\n            \n            \n\n\n            \n\n\n                                    \n\n                                                    <div class=\"bild-text-modul-links-zweizeilig bild-text-modul-zweizeilig\">\n                                <div class=\"custom-flex-box\">\n\n                                    <div class=\"flex-box-fifty bild-container reveal reveal-left\">\n                                                                                    \n                                                                                                                                                                                                                                                                    <img decoding=\"async\" width=\"1920\" height=\"1280\" src=\"https:\/\/www.isl-chemie.de\/wp-content\/uploads\/sites\/3\/2023\/02\/Teamwork_ISL_Karriere-e1693218503958.jpeg\" class=\"attachment-full size-full\" alt=\"\" \/>                                                                                                    \n\n                                                                                                                        <\/div>\n\n                                    <div class=\"flex-box-fifty text-container reveal reveal-right\">\n                                        <div class=\"headline-border\"><\/div>\n                                        <div class=\"text-container-flex\">\n                                            <div class=\"text-inner\">\n                                                                                                                                                            <div class=\"text-left-border\">\n                                                            <div class=\"text-cut\">\n                                                                <h2>Por qu\u00e9<\/h2>\n                                                                <div class=\"normal-font full-text\">\n                                                                    <p>Proporcionamos formaci\u00f3n y hacemos hincapi\u00e9 en la promoci\u00f3n del personal subalterno. Vivimos una cultura corporativa basada en la colaboraci\u00f3n: cooperaci\u00f3n respetuosa con relaciones de confianza y un buen ambiente de trabajo. Tenemos jerarqu\u00edas planas con v\u00edas cortas de toma de decisiones y una mentalidad pr\u00e1ctica. Vivimos nuestro C\u00f3digo de Conducta y estamos socialmente comprometidos. Ofrecemos tareas apasionantes en una empresa qu\u00edmica orientada al futuro y a nivel internacional, con equipos t\u00e9cnicos modernos y una gesti\u00f3n de calidad certificada. Y todo ello en un entorno rural y hermoso a las afueras de Colonia.     <\/p>\n                                                                <\/div>\n                                                            <\/div>\n                                                            <div class=\"button-box\">\n                                                                                                                                                                                            <\/div>\n                                                        <\/div>\n                                                                                                                                                <\/div>\n                                        <\/div>\n                                    <\/div>\n                                <\/div>\n                            <\/div>\n                                                            \n            \n\n        \n            \n\n\n            \n\n                                    \n                                                    <div class=\"bild-text-modul-rechts-zweizeilig bild-text-modul-zweizeilig\">\n                                <div class=\"custom-flex-box\">\n                                    <div class=\"flex-box-fifty text-container reveal reveal-left\">\n                                        <div class=\"headline-border\"><\/div>\n                                        <div class=\"text-container-flex\">\n                                            <div class=\"text-inner\">\n\n                                                                                                                                                            <div class=\"text-left-border\">\n                                                            <div class=\"text-cut\">\n                                                                <h2>Tus oportunidades<\/h2>\n                                                                <div class=\"normal-font full-text\">\n                                                                    <p>Te ofrecemos excelentes oportunidades de desarrollo con perspectivas de carrera. Hacemos hincapi\u00e9 en la formaci\u00f3n y el perfeccionamiento individuales y fomentamos las ideas de nuestros empleados, por ejemplo, a trav\u00e9s de nuestro plan de sugerencias de empresa. <\/p>\n                                                                <\/div>\n                                                            <\/div>\n                                                            <div class=\"button-box\">\n                                                                                                                                                                                            <\/div>\n                                                        <\/div>\n                                                                                                    \n                                            <\/div>\n                                        <\/div>\n                                    <\/div>\n                                    <div class=\"flex-box-fifty bild-container reveal reveal-right\">\n                                                                                    \n                                                                                                                                                                                                                                                                    <img decoding=\"async\" width=\"1920\" height=\"1286\" src=\"https:\/\/www.isl-chemie.de\/wp-content\/uploads\/sites\/3\/2023\/01\/Labor-Teamwork.jpg\" class=\"attachment-full size-full\" alt=\"\" srcset=\"https:\/\/www.isl-chemie.de\/wp-content\/uploads\/sites\/3\/2023\/01\/Labor-Teamwork.jpg 1920w, https:\/\/www.isl-chemie.de\/wp-content\/uploads\/sites\/3\/2023\/01\/Labor-Teamwork-300x201.jpg 300w, https:\/\/www.isl-chemie.de\/wp-content\/uploads\/sites\/3\/2023\/01\/Labor-Teamwork-1024x686.jpg 1024w, https:\/\/www.isl-chemie.de\/wp-content\/uploads\/sites\/3\/2023\/01\/Labor-Teamwork-768x514.jpg 768w, https:\/\/www.isl-chemie.de\/wp-content\/uploads\/sites\/3\/2023\/01\/Labor-Teamwork-1536x1029.jpg 1536w\" sizes=\"(max-width: 1920px) 100vw, 1920px\" \/>                                                                                                    \n                                                                                                                        <\/div>\n                                <\/div>\n                            <\/div>\n                                                            \n            \n\n        \n            \n\n\n            \n\n\n                                    \n\n                                                    <div class=\"bild-text-modul-links-zweizeilig bild-text-modul-zweizeilig\">\n                                <div class=\"custom-flex-box\">\n\n                                    <div class=\"flex-box-fifty bild-container reveal reveal-left\">\n                                                                                    \n                                                                                                                                                                                                                                                                    <img decoding=\"async\" width=\"1920\" height=\"1280\" src=\"https:\/\/www.isl-chemie.de\/wp-content\/uploads\/sites\/3\/2023\/02\/ISL_Karriere_Vorraussetzungen-e1693217304630.jpeg\" class=\"attachment-full size-full\" alt=\"\" \/>                                                                                                    \n                                                                                                                        <\/div>\n\n                                    <div class=\"flex-box-fifty text-container reveal reveal-right\">\n                                        <div class=\"headline-border\"><\/div>\n                                        <div class=\"text-container-flex\">\n                                            <div class=\"text-inner\">\n                                                                                                                                                            <div class=\"text-left-border\">\n                                                            <div class=\"text-cut\">\n                                                                <h2>Tus necesidades<\/h2>\n                                                                <div class=\"normal-font\">\n                                                                    <p>Nuestro equipo est\u00e1 formado por personalidades creativas y comprometidas que abordan su trabajo con pericia y motivaci\u00f3n. Si t\u00fa tambi\u00e9n eres curioso, est\u00e1s orientado al cliente y te interesan los nuevos retos, \u00a1estamos deseando recibir tu solicitud! <\/p>\n                                                                <\/div>\n                                                            <\/div>\n                                                            <div class=\"button-box\">\n                                                                                                                                                                                            <\/div>\n                                                        <\/div>\n                                                                                                                                                <\/div>\n                                        <\/div>\n                                    <\/div>\n                                <\/div>\n                            <\/div>\n                                                            \n            \n\n        \n\n\n    <\/div>\n\n\n\n<div style=\"height:100px\" aria-hidden=\"true\" class=\"wp-block-spacer\"><\/div>\n\n\n\r\n\r\n<div id=\"header-ueberschrift-text-block_fe29f8cf3c1d0af9c4f9a4a20660c5d8\" class=\"header-ueberschrift-text-container content-ueberschrift-text-container\">\r\n\r\n    <div class=\"headline-container reveal reveal-bottom \">\r\n        <h2 class=\"headline-border-left-right\">TU ENTRADA CON ISL<\/h2>\r\n    <\/div>\r\n\r\n            <div class=\"inner\">\r\n                        <div class=\"normal-font reveal reveal-bottom long-width  \"><p>En el apasionante entorno laboral de las pinturas y recubrimientos especiales, te ofrecemos oportunidades de desarrollo individual y atractivas condiciones de trabajo en un ambiente personal. Te esperan actividades interesantes y nuevos retos, tanto si te est\u00e1s formando con nosotros como si est\u00e1s iniciando tu carrera profesional o comenzando un nuevo trabajo como empleado con experiencia. <\/p>\n<\/div>\r\n\r\n                                <\/div>\r\n    <\/div>\n\n\n<div style=\"height:100px\" aria-hidden=\"true\" class=\"wp-block-spacer\"><\/div>\n\n\n\n<style type=\"text\/css\">\n    #thementease-bild-block_28ed8bf85e1e6954a686cd79c1945889 {\n    \/* Add styles that use ACF values here *\/\n    }\n<\/style>\n\n<div class=\"inner\">\n    <div id=\"thementease-bild-block_28ed8bf85e1e6954a686cd79c1945889\" class=\"themen-container custom-flex-box\">\n\n        <div class=\"thema-box flex-box-fifty\">\n                            \n                                        <div class=\"bild-box reveal reveal-bottom\">\n                                                                                                    <img decoding=\"async\" width=\"800\" height=\"500\" src=\"https:\/\/www.isl-chemie.de\/wp-content\/uploads\/sites\/3\/2023\/02\/iStock-1434635983-800x500.jpg\" class=\"attachment-thementease-thumbnail size-thementease-thumbnail\" alt=\"\" \/>                                            <\/div>\n                \n                    <div class=\"text-box\">\n                        <div class=\"text-box-inner\">\n                            <div class=\"text-top\">\n                                <h2 class=\"reveal reveal-bottom\">Profesionales<\/h2>\n                                <div class=\"normal-font reveal reveal-bottom\"><p>\u00bfBuscas un nuevo reto? Como empresa activa en todo el mundo y con una larga tradici\u00f3n, estamos deseando recibir noticias de personas cualificadas y motivadas en las siguientes \u00e1reas:  <\/p>\n<ul>\n<li>Laboratorios de Innovaci\u00f3n<\/li>\n<li>Producci\u00f3n<\/li>\n<li>Distribuci\u00f3n<\/li>\n<li>Administraci\u00f3n<\/li>\n<\/ul>\n<\/div>\n                            <\/div>\n                                                                                        <div class=\"reveal reveal-bottom\">\n                                    <a href=\"https:\/\/www.isl-chemie.de\/es\/empleo-y-carrera-profesional\/profesionales\/\" target=\"\" class=\"load-more-button berlac-dark\">M\u00e1s<\/a>\n                                <\/div>\n                                                    <\/div>\n                    <\/div>\n\n\n                                    <\/div>\n\n        <div class=\"thema-box flex-box-fifty\">\n                            \n\n                                        <div class=\"bild-box reveal reveal-bottom\">\n                                                                                                    <img decoding=\"async\" width=\"800\" height=\"500\" src=\"https:\/\/www.isl-chemie.de\/wp-content\/uploads\/sites\/3\/2023\/01\/Ausbildung-GenerationZ-e1674649784454-800x500.jpg\" class=\"attachment-thementease-thumbnail size-thementease-thumbnail\" alt=\"\" \/>                                            <\/div>\n                \n                    <div class=\"text-box\">\n                        <div class=\"text-box-inner\">\n                            <div class=\"text-top\">\n                                <h2 class=\"reveal reveal-bottom\">Aprendices, alumnos y estudiantes<\/h2>\n                                <div class=\"normal-font reveal reveal-bottom\"><p>Proporcionamos formaci\u00f3n y ofrecemos a alumnos y estudiantes una mirada entre bastidores de una empresa qu\u00edmica moderna: <\/p>\n<ul>\n<li>Aprendizaje de empleado industrial<\/li>\n<li>Aprendizaje como t\u00e9cnico de laboratorio de pintura<\/li>\n<li>Pr\u00e1cticas<\/li>\n<li>D\u00eda de exploraci\u00f3n de Berusfeld<\/li>\n<\/ul>\n<\/div>\n                            <\/div>\n                                                                                        <div class=\"reveal reveal-bottom\">\n                                    <a href=\"https:\/\/www.isl-chemie.de\/es\/empleo-y-carrera-profesional\/aprendices\/\" target=\"\" class=\"load-more-button berlac-dark\">M\u00e1s<\/a>\n                                <\/div>\n                                                    <\/div>\n                    <\/div>\n                                    <\/div>\n\n    <\/div>\n<\/div>\n\n\n<div style=\"height:100px\" aria-hidden=\"true\" class=\"wp-block-spacer\"><\/div>\n\n\n\n\n<div id=\"header-statisch-block_d3363230d756de0bb3e92beece95dc93\" class=\"header-bild-statisch reveal\">\n    <img decoding=\"async\" width=\"1773\" height=\"800\" src=\"https:\/\/www.isl-chemie.de\/wp-content\/uploads\/sites\/3\/2023\/02\/ISL_Onboarding_Bank-e1676368379617-1773x800.jpg\" class=\"attachment-image-big size-image-big\" alt=\"\" \/><\/div>\n\n\n\n\n\n<div style=\"height: 0; visibility: hidden; pointer-events: none; opacity: 0;\">Mehr Mehr lesen<\/div>\n\n<div id=\"job-modul-block_4f294028f87f1b44b9a7a2fdae2a5656\" class=\"job-modul reveal\">\n\n    <div class=\"headline-container reveal reveal-bottom\">\n        <div class=\"line\"><\/div>\n        <h2>puestos de trabajo<\/h2>\n        <div class=\"line\"><\/div>\n    <\/div>\n    <div class=\"inner\">\n        <div class=\"normal-font reveal reveal-bottom\"><p style=\"text-align: center\">Le ofrecemos oportunidades de desarrollo individual y condiciones de trabajo atractivas en un ambiente personal. Le esperan actividades interesantes y nuevos retos: eche un vistazo a nuestras ofertas de empleo actuales.<\/p>\n<p style=\"text-align: center\">\u00bfNo tiene un puesto adecuado? Entonces env\u00edanos una solicitud no solicitada a bewerbungen@isl-chemie.de.<\/p>\n<\/div>\n\n                \n            <div class=\"jobs-flex custom-flex-box\">\n\n\n\n                \n\n\n\n\n                            <\/div>\n            <\/div>\n<\/div>\n\n\n<div style=\"height:100px\" aria-hidden=\"true\" class=\"wp-block-spacer\"><\/div>\n","protected":false},"excerpt":{"rendered":"","protected":false},"author":9,"featured_media":0,"parent":0,"menu_order":42,"comment_status":"closed","ping_status":"closed","template":"","meta":{"_acf_changed":false,"footnotes":""},"class_list":["post-6545","page","type-page","status-publish","hentry"],"acf":[],"_links":{"self":[{"href":"https:\/\/www.isl-chemie.de\/es\/wp-json\/wp\/v2\/pages\/6545","targetHints":{"allow":["GET"]}}],"collection":[{"href":"https:\/\/www.isl-chemie.de\/es\/wp-json\/wp\/v2\/pages"}],"about":[{"href":"https:\/\/www.isl-chemie.de\/es\/wp-json\/wp\/v2\/types\/page"}],"author":[{"embeddable":true,"href":"https:\/\/www.isl-chemie.de\/es\/wp-json\/wp\/v2\/users\/9"}],"replies":[{"embeddable":true,"href":"https:\/\/www.isl-chemie.de\/es\/wp-json\/wp\/v2\/comments?post=6545"}],"version-history":[{"count":2,"href":"https:\/\/www.isl-chemie.de\/es\/wp-json\/wp\/v2\/pages\/6545\/revisions"}],"predecessor-version":[{"id":6730,"href":"https:\/\/www.isl-chemie.de\/es\/wp-json\/wp\/v2\/pages\/6545\/revisions\/6730"}],"wp:attachment":[{"href":"https:\/\/www.isl-chemie.de\/es\/wp-json\/wp\/v2\/media?parent=6545"}],"curies":[{"name":"wp","href":"https:\/\/api.w.org\/{rel}","templated":true}]}}