{"id":6065,"date":"2022-08-24T13:31:08","date_gmt":"2022-08-24T11:31:08","guid":{"rendered":"https:\/\/www.isl-chemie.de\/industrias-y-aplicaciones\/"},"modified":"2024-08-21T10:33:55","modified_gmt":"2024-08-21T08:33:55","slug":"industrias-y-aplicaciones","status":"publish","type":"page","link":"https:\/\/www.isl-chemie.de\/es\/industrias-y-aplicaciones\/","title":{"rendered":"Industrias y aplicaciones"},"content":{"rendered":"\n<script type=\"application\/javascript\">\n    jQuery(document).ready(function ($) {\n        $('.bild-video-slider-fullwidth').slick({\n            infinite: true,\n            dots: false,\n            lazyLoad: 'ondemand',\n            autoplay: true,\n            arrows: true,\n            fade: false,\n            speed: 700,\n            pauseOnHover: true,\n            prevArrow: '<div class=\"slick-prev slick-button\"><div class=\"line-top line\"><\/div><div class=\"line-right line\"><\/div><div class=\"line-bottom line\"><\/div><div class=\"line-left line\"><\/div><\/div>',\n            nextArrow: '<div class=\"slick-next slick-button\"><div class=\"line-top line\"><\/div><div class=\"line-right line\"><\/div><div class=\"line-bottom line\"><\/div><div class=\"line-left line\"><\/div><\/div>',\n        });\n    });\n<\/script>\n\n\n<div id=\"header-bild-video-slider-fullwidth-block_637f3663ca123\" class=\"bild-video-slider-fullwidth reveal\">\n\t\n\t\t\t\n        \t\t\t\n\t\t\t<div class=\"bild-video-slider-fullwidth--slide img-vid-box\">\n\t\t\t\t\t\t\t\t\t\n\t\t\t\t\t\t\t\t\t\t\t\t\t\t\t\t\t\t\t\t\t<img decoding=\"async\" width=\"1732\" height=\"800\" src=\"https:\/\/www.isl-chemie.de\/wp-content\/uploads\/sites\/3\/2023\/01\/Automobil-Isothan-Inmouldcoating-Lenkrad-Oberflaechenveredelung-1732x800.jpg\" class=\"attachment-image-big size-image-big\" alt=\"\" \/>\t\t\t\t\t\t\t\t\t\n\t\t\t\t\t\t\t<\/div>\n\t\t\n\t\t\n        \t\t\t\n\t\t\t<div class=\"bild-video-slider-fullwidth--slide img-vid-box\">\n\t\t\t\t\t\t\t\t\t\n\t\t\t\t\t\t\t\t\t\t\t\t\t\t\t\t\t\t\t\t\t<img decoding=\"async\" width=\"1920\" height=\"800\" src=\"https:\/\/www.isl-chemie.de\/wp-content\/uploads\/sites\/3\/2023\/01\/Bauindustrie-Isolierung-Fensterbau-Baustoff-e1674644922810-1920x800.jpg\" class=\"attachment-image-big size-image-big\" alt=\"\" srcset=\"https:\/\/www.isl-chemie.de\/wp-content\/uploads\/sites\/3\/2023\/01\/Bauindustrie-Isolierung-Fensterbau-Baustoff-e1674644922810-1920x800.jpg 1920w, https:\/\/www.isl-chemie.de\/wp-content\/uploads\/sites\/3\/2023\/01\/Bauindustrie-Isolierung-Fensterbau-Baustoff-e1674644922810-519x216.jpg 519w\" sizes=\"(max-width: 1920px) 100vw, 1920px\" \/>\t\t\t\t\t\t\t\t\t\n\t\t\t\t\t\t\t<\/div>\n\t\t\n\t\t\n        \t\t\t\n\t\t\t<div class=\"bild-video-slider-fullwidth--slide img-vid-box\">\n\t\t\t\t\t\t\t\t\t\n\t\t\t\t\t\t\t\t\t\t\t\t\t\t\t\t\t\t\t\t\t<img decoding=\"async\" width=\"1920\" height=\"800\" src=\"https:\/\/www.isl-chemie.de\/wp-content\/uploads\/sites\/3\/2023\/01\/Sicherheitsschuh-e1674644749269-1920x800.jpg\" class=\"attachment-image-big size-image-big\" alt=\"\" srcset=\"https:\/\/www.isl-chemie.de\/wp-content\/uploads\/sites\/3\/2023\/01\/Sicherheitsschuh-e1674644749269-1920x800.jpg 1920w, https:\/\/www.isl-chemie.de\/wp-content\/uploads\/sites\/3\/2023\/01\/Sicherheitsschuh-e1674644749269-519x216.jpg 519w\" sizes=\"(max-width: 1920px) 100vw, 1920px\" \/>\t\t\t\t\t\t\t\t\t\n\t\t\t\t\t\t\t<\/div>\n\t\t\n\t\t\n        \t\t\t\n\t\t\t<div class=\"bild-video-slider-fullwidth--slide img-vid-box\">\n\t\t\t\t\t\t\t\t\t\n\t\t\t\t\t\t\t\t\t\t\t\t\t\t\t\t\t\t\t\t\t<img decoding=\"async\" width=\"1920\" height=\"800\" src=\"https:\/\/www.isl-chemie.de\/wp-content\/uploads\/sites\/3\/2023\/01\/Lifestyle-Isopur-Moltopren-Design-e1674644795590-1920x800.jpg\" class=\"attachment-image-big size-image-big\" alt=\"\" srcset=\"https:\/\/www.isl-chemie.de\/wp-content\/uploads\/sites\/3\/2023\/01\/Lifestyle-Isopur-Moltopren-Design-e1674644795590-1920x800.jpg 1920w, https:\/\/www.isl-chemie.de\/wp-content\/uploads\/sites\/3\/2023\/01\/Lifestyle-Isopur-Moltopren-Design-e1674644795590-519x216.jpg 519w\" sizes=\"(max-width: 1920px) 100vw, 1920px\" \/>\t\t\t\t\t\t\t\t\t\n\t\t\t\t\t\t\t<\/div>\n\t\t\n\t\t\n        \t\t\t\n\t\t\t<div class=\"bild-video-slider-fullwidth--slide img-vid-box\">\n\t\t\t\t\t\t\t\t\t\n\t\t\t\t\t\t\t\t\t\t\t\t\t\t\t\t\t\t\t\t\t<img decoding=\"async\" width=\"1500\" height=\"800\" src=\"https:\/\/www.isl-chemie.de\/wp-content\/uploads\/sites\/3\/2023\/01\/Runacolor-coatings-industrielacke-1-e1674644834477-1500x800.jpg\" class=\"attachment-image-big size-image-big\" alt=\"\" \/>\t\t\t\t\t\t\t\t\t\n\t\t\t\t\t\t\t<\/div>\n\t\t\n\t\t\n        \t\t\t\n\t\t\t<div class=\"bild-video-slider-fullwidth--slide img-vid-box\">\n\t\t\t\t\t\t\t\t\t\n\t\t\t\t\t\t\t\t\t\t\t\t\t\t\t\t\t\t\t\t\t<img decoding=\"async\" width=\"1920\" height=\"800\" src=\"https:\/\/www.isl-chemie.de\/wp-content\/uploads\/sites\/3\/2023\/01\/Farbfaecher-Farbauswahl-1920x800.jpg\" class=\"attachment-image-big size-image-big\" alt=\"\" srcset=\"https:\/\/www.isl-chemie.de\/wp-content\/uploads\/sites\/3\/2023\/01\/Farbfaecher-Farbauswahl-1920x800.jpg 1920w, https:\/\/www.isl-chemie.de\/wp-content\/uploads\/sites\/3\/2023\/01\/Farbfaecher-Farbauswahl-519x216.jpg 519w\" sizes=\"(max-width: 1920px) 100vw, 1920px\" \/>\t\t\t\t\t\t\t\t\t\n\t\t\t\t\t\t\t<\/div>\n\t\t\n\t\t\t<\/div>\r\n\r\n\r\n\r\n<div id=\"header-ueberschrift-text-block_62e795947c3cf\" class=\"header-ueberschrift-text-container\">\r\n\r\n    <div class=\"header-contact reveal reveal-right\">\r\n\r\n                    <a href=\"tel:+49220796910\">\r\n                <div class=\"contact-box telefon-box\">\r\n                    <svg id=\"local_phone-24px\" xmlns=\"http:\/\/www.w3.org\/2000\/svg\" viewBox=\"0 0 60 60\">\r\n                        <path id=\"Pfad_4337\" data-name=\"Pfad 4337\" d=\"M0,0H60V60H0Z\" fill=\"none\"\/>\r\n                        <path id=\"Pfad_4338\" data-name=\"Pfad 4338\" d=\"M13.86,26.37A45.446,45.446,0,0,0,33.63,46.14l6.6-6.6a2.983,2.983,0,0,1,3.06-.72A34.221,34.221,0,0,0,54,40.53a3.009,3.009,0,0,1,3,3V54a3.009,3.009,0,0,1-3,3A51,51,0,0,1,3,6,3.009,3.009,0,0,1,6,3H16.5a3.009,3.009,0,0,1,3,3,34.081,34.081,0,0,0,1.71,10.71,3.011,3.011,0,0,1-.75,3.06Z\"\/>\r\n                    <\/svg>\r\n                <\/div>\r\n            <\/a>\r\n            <a href=\"https:\/\/www.isl-chemie.de\/es\/kontakt-land\/alemania\/\">\r\n                <div class=\"contact-box mail-box\">\r\n                    <svg xmlns=\"http:\/\/www.w3.org\/2000\/svg\" viewBox=\"0 0 60 60\">\r\n                        <path id=\"Pfad_4340\" data-name=\"Pfad 4340\" d=\"M56,4H8a5.992,5.992,0,0,0-5.97,6L2,46a6.018,6.018,0,0,0,6,6H56a6.018,6.018,0,0,0,6-6V10A6.018,6.018,0,0,0,56,4Zm0,12L32,31,8,16V10L32,25,56,10Z\" transform=\"translate(-2 0)\"\/>\r\n                    <\/svg>\r\n                <\/div>\r\n            <\/a>\r\n            <\/div>\r\n\r\n    <div class=\"headline-container reveal reveal-bottom\">\r\n        <h1 class=\"headline-border-left-right\">Industrias y aplicaciones<\/h1>\r\n    <\/div>\r\n\r\n    \r\n                                    <div class=\"inner\">\r\n                    \r\n                                                                        <div class=\"normal-font semibold reveal reveal-bottom long-width\"><\/div>\r\n                                                <div class=\"normal-font reveal reveal-bottom long-width  \">\r\n                            <p>\u00bfColoraci\u00f3n de piezas de poliuretano en el interior del veh\u00edculo? \u00bfColorar grandes superficies de forma homog\u00e9nea? \u00bfAdaptar las suelas de los zapatos a las \u00faltimas tendencias de la moda? \u00bfDise\u00f1ar elementos de mobiliario de forma creativa con el color? \u00bfEtiquetado t\u00e9cnico de espumas? \u00bfColoraci\u00f3n de sistemas de revestimiento industrial?<\/p>\n<p>Nuestros productos de color ISL satisfacen una amplia gama de requisitos, incluido el suyo. P\u00f3ngase en contacto con nosotros. Trabajamos con usted para desarrollar el producto adecuado a sus necesidades individuales.<\/p>\n                        <\/div>\r\n\r\n                    \r\n                                                        <\/div>\r\n                        <\/div>\r\n\r\n\r\n\r\n\r\n\n<div style=\"height:100px\" aria-hidden=\"true\" class=\"wp-block-spacer\"><\/div>\n\n\n<script>\n    jQuery(document).ready(function($) {\n        if ($(window).width() >= 1260) {\n            setTimeout(smooooooooth, 250);\n        }\n        $(window).on(\"resize\", function () {\n            if ($(window).width() >= 1260) {\n                smooooooooth()\n            }\n            else {\n                $('.bild-modul-1-3-quicklink-container-single .content').css('bottom', 0);\n            }\n        })\n        function smooooooooth() {\n            $('.bild-modul-1-3-quicklink-container-single').each(function () {\n                teasHeight = $(this).find('.semi-normal-font').outerHeight() * -1;\n                $(this).find('.content').css('bottom', teasHeight);\n            });\n        }\n    });\n<\/script>\n\n\n<div id=\"bild-modul-1-3-quicklink-block_62e7818de6b1d\" class=\"bild-modul-1-3-quicklink-container inner\">\n    <div class=\"custom-flex-box flex-mobile no-margin\">\n                    \n                                                    <a href=\"https:\/\/www.isl-chemie.de\/es\/industrias-y-aplicaciones\/automocion\/\" class=\"flex-box-thirty flex-mobile-fifty single-box reveal reveal-bottom bild-modul-1-3-quicklink-container-single\">\n                \n                        <div class=\"content\">\n                            <h3>Automoci\u00f3n<\/h3>\n                            <p class=\"semi-normal-font\">Uso vers\u00e1til de todos los productos de color ISL en la ingenier\u00eda de automoci\u00f3n<\/p>\n                        <\/div>\n                        <div class=\"gradient\"><\/div>\n                                                                                                    <img decoding=\"async\" width=\"519\" height=\"380\" src=\"https:\/\/www.isl-chemie.de\/wp-content\/uploads\/sites\/3\/2023\/01\/Automobil-Isothan-Inmouldcoating-Lenkrad-Oberflaechenveredelung-519x380.jpg\" class=\"attachment-bild-modul-1-3-quicklink-bild size-bild-modul-1-3-quicklink-bild\" alt=\"\" \/>                        \n                                    <\/a>\n                \n            \n                                                    <a href=\"https:\/\/www.isl-chemie.de\/es\/industrias-y-aplicaciones\/industria-de-la-construccion\/\" class=\"flex-box-thirty flex-mobile-fifty single-box reveal reveal-bottom bild-modul-1-3-quicklink-container-single\">\n                \n                        <div class=\"content\">\n                            <h3>Industria de la construcci\u00f3n<\/h3>\n                            <p class=\"semi-normal-font\">Productos de alta calidad para grandes exigencias de durabilidad y aspecto<\/p>\n                        <\/div>\n                        <div class=\"gradient\"><\/div>\n                                                                                                    <img decoding=\"async\" width=\"519\" height=\"380\" src=\"https:\/\/www.isl-chemie.de\/wp-content\/uploads\/sites\/3\/2023\/01\/Bauindustrie-Isolierung-Fensterbau-Baustoff-e1674644922810-519x380.jpg\" class=\"attachment-bild-modul-1-3-quicklink-bild size-bild-modul-1-3-quicklink-bild\" alt=\"\" \/>                        \n                                    <\/a>\n                \n            \n                                                    <a href=\"https:\/\/www.isl-chemie.de\/es\/industrias-y-aplicaciones\/industria-del-calzado\/\" class=\"flex-box-thirty flex-mobile-fifty single-box reveal reveal-bottom bild-modul-1-3-quicklink-container-single\">\n                \n                        <div class=\"content\">\n                            <h3>Industria del calzado<\/h3>\n                            <p class=\"semi-normal-font\">Las pastas de color ISL son compatibles con todos los sistemas de PU habituales<\/p>\n                        <\/div>\n                        <div class=\"gradient\"><\/div>\n                                                                                                    <img decoding=\"async\" width=\"519\" height=\"380\" src=\"https:\/\/www.isl-chemie.de\/wp-content\/uploads\/sites\/3\/2023\/01\/Sicherheitsschuh-e1674644749269-519x380.jpg\" class=\"attachment-bild-modul-1-3-quicklink-bild size-bild-modul-1-3-quicklink-bild\" alt=\"\" \/>                        \n                                    <\/a>\n                \n            \n                                                    <a href=\"https:\/\/www.isl-chemie.de\/es\/industrias-y-aplicaciones\/lifestyle\/\" class=\"flex-box-thirty flex-mobile-fifty single-box reveal reveal-bottom bild-modul-1-3-quicklink-container-single\">\n                \n                        <div class=\"content\">\n                            <h3>Lifestyle<\/h3>\n                            <p class=\"semi-normal-font\">Productos ISL para m\u00e1s valor visual y funcionalidad<\/p>\n                        <\/div>\n                        <div class=\"gradient\"><\/div>\n                                                                                                    <img decoding=\"async\" width=\"519\" height=\"380\" src=\"https:\/\/www.isl-chemie.de\/wp-content\/uploads\/sites\/3\/2023\/01\/Lifestyle-Isopur-Moltopren-Design-1-e1676371009790-519x380.jpg\" class=\"attachment-bild-modul-1-3-quicklink-bild size-bild-modul-1-3-quicklink-bild\" alt=\"\" \/>                        \n                                    <\/a>\n                \n            \n                                                    <a href=\"https:\/\/www.isl-chemie.de\/es\/industrias-y-aplicaciones\/case\/\" class=\"flex-box-thirty flex-mobile-fifty single-box reveal reveal-bottom bild-modul-1-3-quicklink-container-single\">\n                \n                        <div class=\"content\">\n                            <h3>CASE<\/h3>\n                            <p class=\"semi-normal-font\">Coatings &#8211; Adhesives &#8211; Sealantes &#8211; Elastomers<br \/>\n<br \/>\n<\/p>\n                        <\/div>\n                        <div class=\"gradient\"><\/div>\n                                                                                                    <img decoding=\"async\" width=\"519\" height=\"380\" src=\"https:\/\/www.isl-chemie.de\/wp-content\/uploads\/sites\/3\/2023\/01\/Runacolor-coatings-industrielacke-1-e1674644834477-519x380.jpg\" class=\"attachment-bild-modul-1-3-quicklink-bild size-bild-modul-1-3-quicklink-bild\" alt=\"\" \/>                        \n                                    <\/a>\n                \n            \n                                                    <a href=\"https:\/\/www.isl-chemie.de\/es\/industrias-y-aplicaciones\/tailor-made\/\" class=\"flex-box-thirty flex-mobile-fifty single-box reveal reveal-bottom bild-modul-1-3-quicklink-container-single\">\n                \n                        <div class=\"content\">\n                            <h3>TAILOR MADE<\/h3>\n                            <p class=\"semi-normal-font\">Productos personalizados y adaptados con precisi\u00f3n a cada necesidad<\/p>\n                        <\/div>\n                        <div class=\"gradient\"><\/div>\n                                                                                                    <img decoding=\"async\" width=\"519\" height=\"380\" src=\"https:\/\/www.isl-chemie.de\/wp-content\/uploads\/sites\/3\/2023\/01\/Farbfaecher-Farbauswahl-519x380.jpg\" class=\"attachment-bild-modul-1-3-quicklink-bild size-bild-modul-1-3-quicklink-bild\" alt=\"\" \/>                        \n                                    <\/a>\n                \n                        <\/div>\n<\/div>\n<div style=\"height:100px\" aria-hidden=\"true\" class=\"wp-block-spacer\"><\/div>\n\r\n<div id=\"bild-modul-1-2-quicklink-block_62e782d8e6b24\" class=\"bild-modul-1-2-quicklink-container inner\">\r\n    <div class=\"custom-flex-box flex-mobile\">\r\n                    \r\n        \r\n                                                    <a href=\"https:\/\/www.isl-chemie.de\/es\/sostenibilidad\/\" class=\"flex-box-fifty flex-mobile-fifty single-box reveal reveal-bottom\">\r\n                \r\n                        <div class=\"content\">\r\n                            <h3>Sostenibilidad<\/h3>\r\n                        <\/div>\r\n                        <div class=\"gradient\"><\/div>\r\n\r\n                                                                                                                                            <img decoding=\"async\" width=\"800\" height=\"520\" src=\"https:\/\/www.isl-chemie.de\/wp-content\/uploads\/sites\/3\/2023\/01\/Nachhaltigkeit-Sustainability-GlobalerPlan-SDG-Weltweit-800x520.jpg\" class=\"attachment-bild-modul-1-2-quicklink-bild size-bild-modul-1-2-quicklink-bild\" alt=\"\" \/>                                                    \r\n\r\n\r\n                                    <\/a>\r\n                \r\n            \r\n        \r\n                                                    <a href=\"https:\/\/www.isl-chemie.de\/es\/empresa\/red-internacional\/\" class=\"flex-box-fifty flex-mobile-fifty single-box reveal reveal-bottom\">\r\n                \r\n                        <div class=\"content\">\r\n                            <h3>P\u00f3ngase en contacto<br \/>\n<\/h3>\r\n                        <\/div>\r\n                        <div class=\"gradient\"><\/div>\r\n\r\n                                                                                                                                            <img decoding=\"async\" width=\"791\" height=\"520\" src=\"https:\/\/www.isl-chemie.de\/wp-content\/uploads\/sites\/3\/2022\/08\/Gruppe-maskieren-114-791x520.png\" class=\"attachment-bild-modul-1-2-quicklink-bild size-bild-modul-1-2-quicklink-bild\" alt=\"\" \/>                                                    \r\n\r\n\r\n                                    <\/a>\r\n                \r\n                        <\/div>\r\n<\/div>","protected":false},"excerpt":{"rendered":"","protected":false},"author":9,"featured_media":0,"parent":0,"menu_order":22,"comment_status":"closed","ping_status":"closed","template":"","meta":{"_acf_changed":false,"footnotes":""},"class_list":["post-6065","page","type-page","status-publish","hentry"],"acf":[],"_links":{"self":[{"href":"https:\/\/www.isl-chemie.de\/es\/wp-json\/wp\/v2\/pages\/6065","targetHints":{"allow":["GET"]}}],"collection":[{"href":"https:\/\/www.isl-chemie.de\/es\/wp-json\/wp\/v2\/pages"}],"about":[{"href":"https:\/\/www.isl-chemie.de\/es\/wp-json\/wp\/v2\/types\/page"}],"author":[{"embeddable":true,"href":"https:\/\/www.isl-chemie.de\/es\/wp-json\/wp\/v2\/users\/9"}],"replies":[{"embeddable":true,"href":"https:\/\/www.isl-chemie.de\/es\/wp-json\/wp\/v2\/comments?post=6065"}],"version-history":[{"count":3,"href":"https:\/\/www.isl-chemie.de\/es\/wp-json\/wp\/v2\/pages\/6065\/revisions"}],"predecessor-version":[{"id":6585,"href":"https:\/\/www.isl-chemie.de\/es\/wp-json\/wp\/v2\/pages\/6065\/revisions\/6585"}],"wp:attachment":[{"href":"https:\/\/www.isl-chemie.de\/es\/wp-json\/wp\/v2\/media?parent=6065"}],"curies":[{"name":"wp","href":"https:\/\/api.w.org\/{rel}","templated":true}]}}