{"id":6038,"date":"2022-08-24T13:16:38","date_gmt":"2022-08-24T11:16:38","guid":{"rendered":"https:\/\/www.isl-chemie.de\/productos-y-soluciones\/colorear-resina-epoxi\/"},"modified":"2024-09-24T12:36:12","modified_gmt":"2024-09-24T10:36:12","slug":"colorear-resina-epoxi","status":"publish","type":"page","link":"https:\/\/www.isl-chemie.de\/es\/productos-y-soluciones\/colorear-resina-epoxi\/","title":{"rendered":"COLOREAR &#8211; Resina epoxi"},"content":{"rendered":"\n\n<div id=\"header-statisch-block_60b844b80139a3e026906b73d2d49513\" class=\"header-bild-statisch reveal\">\n    <img decoding=\"async\" width=\"1689\" height=\"800\" src=\"https:\/\/www.isl-chemie.de\/wp-content\/uploads\/sites\/3\/2023\/01\/Epoxidharz-Industrieboden-Parkhaus-Isocolor-EP-Beschichtung-e1674640329118-1689x800.jpg\" class=\"attachment-image-big size-image-big\" alt=\"\" \/><\/div>\n\n\n\r\n\r\n\r\n\r\n<div id=\"header-ueberschrift-text-block_4bbae5a70bead6b635feae53d32f28cd\" class=\"header-ueberschrift-text-container\">\r\n\r\n    <div class=\"header-contact reveal reveal-right\">\r\n\r\n                    <a href=\"tel:+49220796910\">\r\n                <div class=\"contact-box telefon-box\">\r\n                    <svg id=\"local_phone-24px\" xmlns=\"http:\/\/www.w3.org\/2000\/svg\" viewBox=\"0 0 60 60\">\r\n                        <path id=\"Pfad_4337\" data-name=\"Pfad 4337\" d=\"M0,0H60V60H0Z\" fill=\"none\"\/>\r\n                        <path id=\"Pfad_4338\" data-name=\"Pfad 4338\" d=\"M13.86,26.37A45.446,45.446,0,0,0,33.63,46.14l6.6-6.6a2.983,2.983,0,0,1,3.06-.72A34.221,34.221,0,0,0,54,40.53a3.009,3.009,0,0,1,3,3V54a3.009,3.009,0,0,1-3,3A51,51,0,0,1,3,6,3.009,3.009,0,0,1,6,3H16.5a3.009,3.009,0,0,1,3,3,34.081,34.081,0,0,0,1.71,10.71,3.011,3.011,0,0,1-.75,3.06Z\"\/>\r\n                    <\/svg>\r\n                <\/div>\r\n            <\/a>\r\n            <a href=\"https:\/\/www.isl-chemie.de\/es\/kontakt-land\/alemania\/\">\r\n                <div class=\"contact-box mail-box\">\r\n                    <svg xmlns=\"http:\/\/www.w3.org\/2000\/svg\" viewBox=\"0 0 60 60\">\r\n                        <path id=\"Pfad_4340\" data-name=\"Pfad 4340\" d=\"M56,4H8a5.992,5.992,0,0,0-5.97,6L2,46a6.018,6.018,0,0,0,6,6H56a6.018,6.018,0,0,0,6-6V10A6.018,6.018,0,0,0,56,4Zm0,12L32,31,8,16V10L32,25,56,10Z\" transform=\"translate(-2 0)\"\/>\r\n                    <\/svg>\r\n                <\/div>\r\n            <\/a>\r\n            <\/div>\r\n\r\n    <div class=\"headline-container reveal reveal-bottom\">\r\n        <h1 class=\"headline-border-left-right\">Colorear desde <br \/>\nSistemas de resina epoxi<br \/>\n<\/h1>\r\n    <\/div>\r\n\r\n    \r\n                                    <div class=\"inner\">\r\n                    \r\n                                                                        <div class=\"normal-font semibold reveal reveal-bottom long-width\"><\/div>\r\n                                                <div class=\"normal-font reveal reveal-bottom long-width  \">\r\n                            <p>Coloraci\u00f3n de revestimientos de suelos de alta calidad, revestimientos de suelos industriales en naves industriales o aparcamientos y plataformas de perforaci\u00f3n petrol\u00edfera, dise\u00f1o y construcci\u00f3n de muebles, elast\u00f3mero de colada EP: las pastas de color ISL son excelentes para colorear sistemas epox\u00eddicos mec\u00e1nica y qu\u00edmicamente muy resistentes. Tambi\u00e9n pueden utilizarse para recubrir grandes superficies de forma homog\u00e9nea sin que se produzcan cambios de color.<\/p>\n<p>Nuestras pastas colorantes dan color a aisladores, soportes y transformadores del sector el\u00e9ctrico y se utilizan cada vez m\u00e1s en adhesivos epox\u00eddicos de 2 componentes.<\/p>\n<p>Gracias al uso de resinas epox\u00eddicas como aglutinante portador, nuestros preparados de pigmentos ISL son muy compatibles en sistemas epox\u00eddicos.<\/p>\n                        <\/div>\r\n\r\n                    \r\n                                                        <\/div>\r\n                        <\/div>\r\n\r\n\r\n\r\n\r\n\n\n\n<div style=\"height:100px\" aria-hidden=\"true\" class=\"wp-block-spacer\"><\/div>\n\n\n\r\n\r\n<div id=\"header-ueberschrift-text-block_a1eaeebb51eb00288f09ebca6faf074a\" class=\"header-ueberschrift-text-container content-ueberschrift-text-container\">\r\n\r\n    <div class=\"headline-container reveal reveal-bottom \">\r\n        <h2 class=\"headline-border-left-right\">Productos<\/h2>\r\n    <\/div>\r\n\r\n            <div class=\"inner\">\r\n                        <div class=\"normal-font reveal reveal-bottom long-width  \"><p>Los pigmentos especialmente seleccionados para nuestros productos cumplen elevados requisitos de resistencia a la luz y a la intemperie, as\u00ed como de resistencia a la temperatura y a los productos qu\u00edmicos.<\/p>\n<p>Ya sea una soluci\u00f3n est\u00e1ndar o personalizada: ISL ofrece el producto adecuado para cada aplicaci\u00f3n.<\/p>\n<\/div>\r\n\r\n                                <\/div>\r\n    <\/div>\n\n\n<div style=\"height:100px\" aria-hidden=\"true\" class=\"wp-block-spacer\"><\/div>\n\n\n\r\n<div class=\"inner\">\r\n    <div class=\"custom-flex-box flex-mobile produktmodul-uebersicht\">\r\n                    \r\n                    <div class=\"flex-box-twentyfive flex-mobile-fifty custom-accordion-produkt reveal reveal-bottom isl\">\r\n                    <div class=\"accordion-title-hover\">\r\n                        <svg id=\"Gruppe_18332\" data-name=\"Gruppe 18332\" xmlns=\"http:\/\/www.w3.org\/2000\/svg\" width=\"28\" height=\"28\" viewBox=\"0 0 28 28\">\r\n                            <g id=\"Gruppe_18329\" data-name=\"Gruppe 18329\">\r\n                                <g id=\"Rechteck_1717\" data-name=\"Rechteck 1717\" fill=\"none\" stroke=\"#615645\" stroke-width=\"1\">\r\n                                    <rect width=\"28\" height=\"28\" rx=\"5\" stroke=\"none\"\/>\r\n                                    <rect x=\"0.5\" y=\"0.5\" width=\"27\" height=\"27\" rx=\"4.5\" fill=\"none\"\/>\r\n                                <\/g>\r\n                                <path id=\"Icon_ionic-ios-arrow-forward\" data-name=\"Icon ionic-ios-arrow-forward\" d=\"M16.71,13.033,11.534,7.861a.973.973,0,0,1,0-1.381.986.986,0,0,1,1.385,0l5.864,5.86a.976.976,0,0,1,.029,1.348l-5.889,5.9a.978.978,0,0,1-1.385-1.381Z\" transform=\"translate(-0.396 1.071)\" fill=\"#615645\"\/>\r\n                            <\/g>\r\n                        <\/svg>\r\n                        <span>ISOCOLOR-EP<\/span>\r\n                    <\/div>\r\n                    <div class=\"accordion-content\">\r\n                                                                                                    <div class=\"button-containter\">\r\n                                <a href=\"https:\/\/www.isl-chemie.de\/es\/informacion-sobre-el-producto\/isocolor-ep\/\" target=\"\"class=\"load-more-button small white-button\" >M\u00e1s<\/a>\r\n                            <\/div>\r\n                                            <\/div>\r\n                    <\/div>\r\n                        <\/div>\r\n<\/div>\r\n\n\n\n<div style=\"height:100px\" aria-hidden=\"true\" class=\"wp-block-spacer\"><\/div>\n\n\n\r\n<div id=\"bild-modul-1-2-quicklink-block_433139951fcafdfd78aca7aed71ab6bf\" class=\"bild-modul-1-2-quicklink-container inner\">\r\n    <div class=\"custom-flex-box flex-mobile\">\r\n                    \r\n        \r\n                                                    <a href=\"https:\/\/www.isl-chemie.de\/es\/industrias-y-aplicaciones\/\" class=\"flex-box-fifty flex-mobile-fifty single-box reveal reveal-bottom\">\r\n                \r\n                        <div class=\"content\">\r\n                            <h3>Nuestras soluciones industriales<\/h3>\r\n                        <\/div>\r\n                        <div class=\"gradient\"><\/div>\r\n\r\n                                                                                                                                            <img decoding=\"async\" width=\"800\" height=\"520\" src=\"https:\/\/www.isl-chemie.de\/wp-content\/uploads\/sites\/3\/2023\/01\/Automobil-Isothan-Inmouldcoating-Lenkrad-Oberflaechenveredelung-800x520.jpg\" class=\"attachment-bild-modul-1-2-quicklink-bild size-bild-modul-1-2-quicklink-bild\" alt=\"\" \/>                                                    \r\n\r\n\r\n                                    <\/a>\r\n                \r\n            \r\n        \r\n                                                    <a href=\"https:\/\/www.isl-chemie.de\/es\/kontakt-land\/alemania\/\" class=\"flex-box-fifty flex-mobile-fifty single-box reveal reveal-bottom\">\r\n                \r\n                        <div class=\"content\">\r\n                            <h3>Ponte en contacto<\/h3>\r\n                        <\/div>\r\n                        <div class=\"gradient\"><\/div>\r\n\r\n                                                                                                                                            <img decoding=\"async\" width=\"791\" height=\"520\" src=\"https:\/\/www.isl-chemie.de\/wp-content\/uploads\/sites\/3\/2022\/08\/Gruppe-maskieren-114-791x520.png\" class=\"attachment-bild-modul-1-2-quicklink-bild size-bild-modul-1-2-quicklink-bild\" alt=\"\" \/>                                                    \r\n\r\n\r\n                                    <\/a>\r\n                \r\n                        <\/div>\r\n<\/div>","protected":false},"excerpt":{"rendered":"","protected":false},"author":9,"featured_media":0,"parent":5851,"menu_order":0,"comment_status":"closed","ping_status":"closed","template":"","meta":{"_acf_changed":false,"footnotes":""},"class_list":["post-6038","page","type-page","status-publish","hentry"],"acf":[],"_links":{"self":[{"href":"https:\/\/www.isl-chemie.de\/es\/wp-json\/wp\/v2\/pages\/6038","targetHints":{"allow":["GET"]}}],"collection":[{"href":"https:\/\/www.isl-chemie.de\/es\/wp-json\/wp\/v2\/pages"}],"about":[{"href":"https:\/\/www.isl-chemie.de\/es\/wp-json\/wp\/v2\/types\/page"}],"author":[{"embeddable":true,"href":"https:\/\/www.isl-chemie.de\/es\/wp-json\/wp\/v2\/users\/9"}],"replies":[{"embeddable":true,"href":"https:\/\/www.isl-chemie.de\/es\/wp-json\/wp\/v2\/comments?post=6038"}],"version-history":[{"count":2,"href":"https:\/\/www.isl-chemie.de\/es\/wp-json\/wp\/v2\/pages\/6038\/revisions"}],"predecessor-version":[{"id":6721,"href":"https:\/\/www.isl-chemie.de\/es\/wp-json\/wp\/v2\/pages\/6038\/revisions\/6721"}],"up":[{"embeddable":true,"href":"https:\/\/www.isl-chemie.de\/es\/wp-json\/wp\/v2\/pages\/5851"}],"wp:attachment":[{"href":"https:\/\/www.isl-chemie.de\/es\/wp-json\/wp\/v2\/media?parent=6038"}],"curies":[{"name":"wp","href":"https:\/\/api.w.org\/{rel}","templated":true}]}}